{"id":2633,"date":"2019-12-20T17:51:17","date_gmt":"2019-12-20T16:51:17","guid":{"rendered":"https:\/\/david-allemand.com\/?page_id=2633"},"modified":"2020-01-25T15:40:34","modified_gmt":"2020-01-25T14:40:34","slug":"david-stephanie-allemand","status":"publish","type":"page","link":"https:\/\/david-allemand.com\/en\/david-stephanie-allemand\/","title":{"rendered":"St\u00e9phanie &#038; David Allemand"},"content":{"rendered":"<h2 style=\"text-align: center;\">St\u00e9phanie &amp; David Allemand<\/h2>\n<p>&nbsp;<\/p>\n<p>David grew up in Provence and spent a part of his childhood in Verdon. From the earliest age, he fell in love with nature and being in the wild. He later developed a passion for photography and, in 2003, dedicated himself to it completely. His camera became his best tool to capture the magic of nature.<\/p>\n<p>Borned in Arcachon, St\u00e9phanie spent her youth between countryside and seaside. Her attraction to the outside world made her become stewardess during many years, a camera always in her luggages!<\/p>\n<p>Their passes naturally cross, and they share their love of nature and pictures.<\/p>\n<p>David&#8217;s photos are awarded in numerous international competitions, whereas St\u00e9phanie dedicates herself more to writing, to tell their photographic adventures.<\/p>\n<p><img loading=\"lazy\" decoding=\"async\" class=\"alignnone wp-image-2326 size-full\" src=\"https:\/\/david-allemand.com\/wp-content\/uploads\/2019\/12\/Portrait-e1576603016549.jpg\" alt=\"\" width=\"1920\" height=\"1080\" srcset=\"https:\/\/david-allemand.com\/wp-content\/uploads\/2019\/12\/Portrait-e1576603016549.jpg 1920w, https:\/\/david-allemand.com\/wp-content\/uploads\/2019\/12\/Portrait-e1576603016549-600x338.jpg 600w\" sizes=\"auto, (max-width: 1920px) 100vw, 1920px\" \/><\/p>\n<p>From distant breakaways to closer immersion in nature, they realize reports for the international press.<\/p>\n<p>In 2013, they publish the book &#8220;Verdon, other faces&#8221;, a book gathering many years of discoveries crossing the Verdon territory.<\/p>\n<p>2017 is the culmination of a long-term project, more than ten years to seal their encounters with the thirteen species of owls of Europe in a beautiful book. &#8220;Owls&#8221; unveils the hidden and mysterious world of these charismatic nocturnal birds that have fascinated them so much&#8230;a first in Europe.<\/p>\n<p>Both are supported in their projects by different partners such as Canon France, Patagonia, Manfrotto, Gitzo or Tragopan.<\/p>\n<p>Photographer guides in France, in Europe, in Arctic and in Africa,they organize workshops where they learn photography of nature.<\/p>\n<p>As lecturers, they animate many naturalist and artistic events.<\/p>\n<p>They have travelled around many countries, but remain particularly sensitive to the soft and fairy lights of the Nordic lands.<\/p>\n<p>By showing their photographic work and the beauty of nature, they hope to sensitize the public to the protection of our planet.<\/p>\n<p><img loading=\"lazy\" decoding=\"async\" class=\"alignnone wp-image-2328 size-full\" src=\"https:\/\/david-allemand.com\/wp-content\/uploads\/2019\/12\/unnamed-e1576603097177.jpg\" alt=\"\" width=\"1920\" height=\"1080\" srcset=\"https:\/\/david-allemand.com\/wp-content\/uploads\/2019\/12\/unnamed-e1576603097177.jpg 1920w, https:\/\/david-allemand.com\/wp-content\/uploads\/2019\/12\/unnamed-e1576603097177-600x338.jpg 600w\" sizes=\"auto, (max-width: 1920px) 100vw, 1920px\" \/><\/p>\n","protected":false},"excerpt":{"rendered":"<p>St\u00e9phanie &amp; David Allemand &nbsp; David grew up in Provence and spent a part of his childhood in Verdon. From the earliest age, he fell in love with nature and being in the wild. He later developed a passion for photography and, in 2003, dedicated himself to it completely. His camera became his best tool [&hellip;]<\/p>\n","protected":false},"author":1,"featured_media":0,"parent":0,"menu_order":0,"comment_status":"closed","ping_status":"closed","template":"","meta":{"_acf_changed":false,"footnotes":""},"class_list":["post-2633","page","type-page","status-publish","hentry"],"acf":[],"yoast_head":"<!-- This site is optimized with the Yoast SEO plugin v27.2 - https:\/\/yoast.com\/product\/yoast-seo-wordpress\/ -->\n<title>St\u00e9phanie &amp; David Allemand - St\u00e9phanie et David Allemand photographes<\/title>\n<meta name=\"robots\" content=\"index, follow, max-snippet:-1, max-image-preview:large, max-video-preview:-1\" \/>\n<link rel=\"canonical\" href=\"https:\/\/david-allemand.com\/en\/david-stephanie-allemand\/\" \/>\n<meta property=\"og:locale\" content=\"en_US\" \/>\n<meta property=\"og:type\" content=\"article\" \/>\n<meta property=\"og:title\" content=\"St\u00e9phanie &amp; David Allemand - St\u00e9phanie et David Allemand photographes\" \/>\n<meta property=\"og:description\" content=\"St\u00e9phanie &amp; David Allemand &nbsp; David grew up in Provence and spent a part of his childhood in Verdon. From the earliest age, he fell in love with nature and being in the wild. He later developed a passion for photography and, in 2003, dedicated himself to it completely. His camera became his best tool [&hellip;]\" \/>\n<meta property=\"og:url\" content=\"https:\/\/david-allemand.com\/en\/david-stephanie-allemand\/\" \/>\n<meta property=\"og:site_name\" content=\"St\u00e9phanie et David Allemand photographes\" \/>\n<meta property=\"article:modified_time\" content=\"2020-01-25T14:40:34+00:00\" \/>\n<meta property=\"og:image\" content=\"https:\/\/david-allemand.com\/wp-content\/uploads\/2019\/12\/Portrait-e1576603016549.jpg\" \/>\n<meta name=\"twitter:card\" content=\"summary_large_image\" \/>\n<meta name=\"twitter:label1\" content=\"Est. reading time\" \/>\n\t<meta name=\"twitter:data1\" content=\"1 minute\" \/>\n<script type=\"application\/ld+json\" class=\"yoast-schema-graph\">{\"@context\":\"https:\/\/schema.org\",\"@graph\":[{\"@type\":\"WebPage\",\"@id\":\"https:\/\/david-allemand.com\/en\/david-stephanie-allemand\/\",\"url\":\"https:\/\/david-allemand.com\/en\/david-stephanie-allemand\/\",\"name\":\"St\u00e9phanie & David Allemand - St\u00e9phanie et David Allemand photographes\",\"isPartOf\":{\"@id\":\"https:\/\/david-allemand.com\/en\/#website\"},\"primaryImageOfPage\":{\"@id\":\"https:\/\/david-allemand.com\/en\/david-stephanie-allemand\/#primaryimage\"},\"image\":{\"@id\":\"https:\/\/david-allemand.com\/en\/david-stephanie-allemand\/#primaryimage\"},\"thumbnailUrl\":\"https:\/\/david-allemand.com\/wp-content\/uploads\/2019\/12\/Portrait-e1576603016549.jpg\",\"datePublished\":\"2019-12-20T16:51:17+00:00\",\"dateModified\":\"2020-01-25T14:40:34+00:00\",\"breadcrumb\":{\"@id\":\"https:\/\/david-allemand.com\/en\/david-stephanie-allemand\/#breadcrumb\"},\"inLanguage\":\"en-US\",\"potentialAction\":[{\"@type\":\"ReadAction\",\"target\":[\"https:\/\/david-allemand.com\/en\/david-stephanie-allemand\/\"]}]},{\"@type\":\"ImageObject\",\"inLanguage\":\"en-US\",\"@id\":\"https:\/\/david-allemand.com\/en\/david-stephanie-allemand\/#primaryimage\",\"url\":\"https:\/\/david-allemand.com\/wp-content\/uploads\/2019\/12\/Portrait-e1576603016549.jpg\",\"contentUrl\":\"https:\/\/david-allemand.com\/wp-content\/uploads\/2019\/12\/Portrait-e1576603016549.jpg\"},{\"@type\":\"BreadcrumbList\",\"@id\":\"https:\/\/david-allemand.com\/en\/david-stephanie-allemand\/#breadcrumb\",\"itemListElement\":[{\"@type\":\"ListItem\",\"position\":1,\"name\":\"Accueil\",\"item\":\"https:\/\/david-allemand.com\/en\/\"},{\"@type\":\"ListItem\",\"position\":2,\"name\":\"St\u00e9phanie &#038; David Allemand\"}]},{\"@type\":\"WebSite\",\"@id\":\"https:\/\/david-allemand.com\/en\/#website\",\"url\":\"https:\/\/david-allemand.com\/en\/\",\"name\":\"St\u00e9phanie et David Allemand photographes\",\"description\":\"\",\"publisher\":{\"@id\":\"https:\/\/david-allemand.com\/en\/#\/schema\/person\/2219ae5dcb2ffa4f226119dd2895f8df\"},\"potentialAction\":[{\"@type\":\"SearchAction\",\"target\":{\"@type\":\"EntryPoint\",\"urlTemplate\":\"https:\/\/david-allemand.com\/en\/?s={search_term_string}\"},\"query-input\":{\"@type\":\"PropertyValueSpecification\",\"valueRequired\":true,\"valueName\":\"search_term_string\"}}],\"inLanguage\":\"en-US\"},{\"@type\":[\"Person\",\"Organization\"],\"@id\":\"https:\/\/david-allemand.com\/en\/#\/schema\/person\/2219ae5dcb2ffa4f226119dd2895f8df\",\"name\":\"David Allemand\",\"image\":{\"@type\":\"ImageObject\",\"inLanguage\":\"en-US\",\"@id\":\"https:\/\/secure.gravatar.com\/avatar\/a7b8c93239d921a7382e8ac942b4b7f577b43148bea91623ff0460844afa3fea?s=96&d=mm&r=g\",\"url\":\"https:\/\/secure.gravatar.com\/avatar\/a7b8c93239d921a7382e8ac942b4b7f577b43148bea91623ff0460844afa3fea?s=96&d=mm&r=g\",\"contentUrl\":\"https:\/\/secure.gravatar.com\/avatar\/a7b8c93239d921a7382e8ac942b4b7f577b43148bea91623ff0460844afa3fea?s=96&d=mm&r=g\",\"caption\":\"David Allemand\"},\"logo\":{\"@id\":\"https:\/\/secure.gravatar.com\/avatar\/a7b8c93239d921a7382e8ac942b4b7f577b43148bea91623ff0460844afa3fea?s=96&d=mm&r=g\"}}]}<\/script>\n<!-- \/ Yoast SEO plugin. -->","yoast_head_json":{"title":"St\u00e9phanie & David Allemand - St\u00e9phanie et David Allemand photographes","robots":{"index":"index","follow":"follow","max-snippet":"max-snippet:-1","max-image-preview":"max-image-preview:large","max-video-preview":"max-video-preview:-1"},"canonical":"https:\/\/david-allemand.com\/en\/david-stephanie-allemand\/","og_locale":"en_US","og_type":"article","og_title":"St\u00e9phanie & David Allemand - St\u00e9phanie et David Allemand photographes","og_description":"St\u00e9phanie &amp; David Allemand &nbsp; David grew up in Provence and spent a part of his childhood in Verdon. From the earliest age, he fell in love with nature and being in the wild. He later developed a passion for photography and, in 2003, dedicated himself to it completely. His camera became his best tool [&hellip;]","og_url":"https:\/\/david-allemand.com\/en\/david-stephanie-allemand\/","og_site_name":"St\u00e9phanie et David Allemand photographes","article_modified_time":"2020-01-25T14:40:34+00:00","og_image":[{"url":"https:\/\/david-allemand.com\/wp-content\/uploads\/2019\/12\/Portrait-e1576603016549.jpg","type":"","width":"","height":""}],"twitter_card":"summary_large_image","twitter_misc":{"Est. reading time":"1 minute"},"schema":{"@context":"https:\/\/schema.org","@graph":[{"@type":"WebPage","@id":"https:\/\/david-allemand.com\/en\/david-stephanie-allemand\/","url":"https:\/\/david-allemand.com\/en\/david-stephanie-allemand\/","name":"St\u00e9phanie & David Allemand - St\u00e9phanie et David Allemand photographes","isPartOf":{"@id":"https:\/\/david-allemand.com\/en\/#website"},"primaryImageOfPage":{"@id":"https:\/\/david-allemand.com\/en\/david-stephanie-allemand\/#primaryimage"},"image":{"@id":"https:\/\/david-allemand.com\/en\/david-stephanie-allemand\/#primaryimage"},"thumbnailUrl":"https:\/\/david-allemand.com\/wp-content\/uploads\/2019\/12\/Portrait-e1576603016549.jpg","datePublished":"2019-12-20T16:51:17+00:00","dateModified":"2020-01-25T14:40:34+00:00","breadcrumb":{"@id":"https:\/\/david-allemand.com\/en\/david-stephanie-allemand\/#breadcrumb"},"inLanguage":"en-US","potentialAction":[{"@type":"ReadAction","target":["https:\/\/david-allemand.com\/en\/david-stephanie-allemand\/"]}]},{"@type":"ImageObject","inLanguage":"en-US","@id":"https:\/\/david-allemand.com\/en\/david-stephanie-allemand\/#primaryimage","url":"https:\/\/david-allemand.com\/wp-content\/uploads\/2019\/12\/Portrait-e1576603016549.jpg","contentUrl":"https:\/\/david-allemand.com\/wp-content\/uploads\/2019\/12\/Portrait-e1576603016549.jpg"},{"@type":"BreadcrumbList","@id":"https:\/\/david-allemand.com\/en\/david-stephanie-allemand\/#breadcrumb","itemListElement":[{"@type":"ListItem","position":1,"name":"Accueil","item":"https:\/\/david-allemand.com\/en\/"},{"@type":"ListItem","position":2,"name":"St\u00e9phanie &#038; David Allemand"}]},{"@type":"WebSite","@id":"https:\/\/david-allemand.com\/en\/#website","url":"https:\/\/david-allemand.com\/en\/","name":"St\u00e9phanie et David Allemand photographes","description":"","publisher":{"@id":"https:\/\/david-allemand.com\/en\/#\/schema\/person\/2219ae5dcb2ffa4f226119dd2895f8df"},"potentialAction":[{"@type":"SearchAction","target":{"@type":"EntryPoint","urlTemplate":"https:\/\/david-allemand.com\/en\/?s={search_term_string}"},"query-input":{"@type":"PropertyValueSpecification","valueRequired":true,"valueName":"search_term_string"}}],"inLanguage":"en-US"},{"@type":["Person","Organization"],"@id":"https:\/\/david-allemand.com\/en\/#\/schema\/person\/2219ae5dcb2ffa4f226119dd2895f8df","name":"David Allemand","image":{"@type":"ImageObject","inLanguage":"en-US","@id":"https:\/\/secure.gravatar.com\/avatar\/a7b8c93239d921a7382e8ac942b4b7f577b43148bea91623ff0460844afa3fea?s=96&d=mm&r=g","url":"https:\/\/secure.gravatar.com\/avatar\/a7b8c93239d921a7382e8ac942b4b7f577b43148bea91623ff0460844afa3fea?s=96&d=mm&r=g","contentUrl":"https:\/\/secure.gravatar.com\/avatar\/a7b8c93239d921a7382e8ac942b4b7f577b43148bea91623ff0460844afa3fea?s=96&d=mm&r=g","caption":"David Allemand"},"logo":{"@id":"https:\/\/secure.gravatar.com\/avatar\/a7b8c93239d921a7382e8ac942b4b7f577b43148bea91623ff0460844afa3fea?s=96&d=mm&r=g"}}]}},"_links":{"self":[{"href":"https:\/\/david-allemand.com\/en\/wp-json\/wp\/v2\/pages\/2633","targetHints":{"allow":["GET"]}}],"collection":[{"href":"https:\/\/david-allemand.com\/en\/wp-json\/wp\/v2\/pages"}],"about":[{"href":"https:\/\/david-allemand.com\/en\/wp-json\/wp\/v2\/types\/page"}],"author":[{"embeddable":true,"href":"https:\/\/david-allemand.com\/en\/wp-json\/wp\/v2\/users\/1"}],"replies":[{"embeddable":true,"href":"https:\/\/david-allemand.com\/en\/wp-json\/wp\/v2\/comments?post=2633"}],"version-history":[{"count":15,"href":"https:\/\/david-allemand.com\/en\/wp-json\/wp\/v2\/pages\/2633\/revisions"}],"predecessor-version":[{"id":6425,"href":"https:\/\/david-allemand.com\/en\/wp-json\/wp\/v2\/pages\/2633\/revisions\/6425"}],"wp:attachment":[{"href":"https:\/\/david-allemand.com\/en\/wp-json\/wp\/v2\/media?parent=2633"}],"curies":[{"name":"wp","href":"https:\/\/api.w.org\/{rel}","templated":true}]}}